{"id":36,"date":"2018-11-15T10:12:38","date_gmt":"2018-11-15T10:12:38","guid":{"rendered":"http:\/\/lassl-partyservice.de\/?page_id=36"},"modified":"2018-11-15T10:12:38","modified_gmt":"2018-11-15T10:12:38","slug":"agbs","status":"publish","type":"page","link":"https:\/\/lassl-partyservice.de\/?page_id=36","title":{"rendered":"AGB\u00b4S"},"content":{"rendered":"<div id=\"sub_container2\">\n<div id=\"content_container\" class=\"content\">\n<h2>Allgemeine Gesch\u00e4ftsbedingungen<b><\/b><\/h2>\n<h3><b> Geltungsbereich <\/b><\/h3>\n<h3><\/h3>\n<p><b><\/b>Diese allgemeinen Gesch\u00e4ftsbedingungen in der jeweils aktuellen Fassung, gelten f\u00fcr die vom Partyservice<br \/>\nLassl angebotenen Leistungen, wie die Lieferung von Getr\u00e4nken und Speisen, Servicedienstleistungen, Personaldienstleistungen, den Verleih von Partyzubeh\u00f6r und die Vermittlung von eigenen, als auch<br \/>\nDienstleistungen und Waren von Drittanbietern, die der Kunde zuvor bei uns pers\u00f6nlich per Post, Telefon,<br \/>\nFax oder Internet bestellt hat.<b><br \/>\n<\/b><\/p>\n<h3><b>Angebot und Preise<\/b><\/h3>\n<h3><\/h3>\n<p>Unsere Angebote sind freibleibend. Alle auf unseren Internetseiten und in Druckerzeugnissen genannten<br \/>\nPreise verstehen sich inklusive der gesetzlichen Mehrwertsteuer.<br \/>\nErfolgt die Lieferung durch uns, so wird innerhalb von Bielefeld ohne eine Lieferpauschale geliefert.<br \/>\nF\u00fcr Lieferungen au\u00dferhalb von Bielefeld erheben wir eine Kilometerpauschale. Die H\u00f6he k\u00f6nnen Sie<br \/>\nbei unserem Verkaufspersonal erfragen.<br \/>\nPreis- und Leistungs\u00e4nderungen, sowie Irrt\u00fcmer behalten wir uns vor.<\/p>\n<h3><b>Bestellung<\/b><\/h3>\n<h3><\/h3>\n<p>Ihre Bestellung sollte sp\u00e4testens 3-4 Tage vor Liefertermin, beim Partyservice Lassl per E-Mail, Fax oder<br \/>\npers\u00f6nlich erfolgen, bedenken Sie jedoch, dass unsere Kapazit\u00e4ten auch begrenzt sind. Der Bedarf an Servicepersonal, oder umfangreiche und besonders aufwendige Bestellungen mit Sonderw\u00fcnschen, bitten<br \/>\nwir in Ihrem Interesse, so fr\u00fchzeitig als m\u00f6glich aufzugeben.<br \/>\nKaufabschl\u00fcsse, Liefervertr\u00e4ge und sonstige Vereinbarungen, insbesondere m\u00fcndliche Verabredungen und Zusicherungen unserer Verkaufsangestellten, werden erst durch eine schriftliche Best\u00e4tigung verbindlich.<br \/>\nDer Besteller versichert mit seiner Bestellung, die Allgemeinen Gesch\u00e4ftsbedingungen gelesen zu haben und erkl\u00e4rt sich mit diesen einverstanden.<b><br \/>\n<\/b><\/p>\n<h3><b>Auslieferung<\/b><\/h3>\n<h3><\/h3>\n<p>Die Auslieferung erfolgt an die vom Kunden angegebene Lieferadresse zum vereinbarten Liefertermin. Die Lieferung erfolgt nach bestem Wissen und Gewissen, sowie unter Einhaltung entsprechender gesetzlicher Vorschriften.<br \/>\nBei jeder Lieferung mu\u00df mit Zeitverschiebungen gerechnet werden, die wir selbst bei gro\u00dfer Sorgfalt, nicht beeinflussen k\u00f6nnen.<br \/>\nDer Kunde gew\u00e4hrleistet die Entgegennahme, der von ihm bestellten Waren und Leihzubeh\u00f6r und quittiert<br \/>\nden ordnungsgem\u00e4\u00dfen Erhalt der in seiner Bestellung georderten Waren, Leihzubeh\u00f6r und Dienstleistungen,<br \/>\nauf der Durchschrift der vom Auslieferpersonal ausgeh\u00e4ndigten Quittung bzw. Rechnung.<br \/>\nBesonderheiten die den Lieferort betreffen, wie Baustellen, lange Wege, Treppen \u00fcber 3 Etagen, nicht funktionierende Fahrst\u00fchle etc., sind durch den Kunden bei der Bestellung mitzuteilen, damit wir uns zeitlich<br \/>\nund organisatorisch darauf einrichten k\u00f6nnen. F\u00fcr besonders aufwendige Gegebenheiten, den Lieferort<br \/>\nbetreffend, behalten wir uns vor eine Mehraufwandspauschale zu berechnen.<\/p>\n<h3><b>Bezahlung<\/b><\/h3>\n<h3><\/h3>\n<p>Der Kunde bezahlt die bestellten Waren und Dienstleistungen, falls nicht anders vereinbart bei Anlieferung<br \/>\nin Bar. Der mit der Lieferung beauftragte Mitarbeiter ist berechtigt und verpflichtet, gegen Aush\u00e4ndigung<br \/>\nder Ware zu kassieren.<br \/>\nDer dem Kunden bei der Bezahlung \u00fcbergebene Beleg, ist gleichzeitig Lieferschein und Rechnung.<br \/>\nHier quittiert der Kunde auf der Durchschrift, den ordnungsgem\u00e4\u00dfen Erhalt der Waren und Dienstleistung.<\/p>\n<h3><b>Leihwaren \/Leihzubeh\u00f6r \/Partybedarf<\/b><\/h3>\n<h3><\/h3>\n<p>Die Lieferung von Speisen und Getr\u00e4nken, erfolgt in oder auf Leihwaren, wie Warmhalteger\u00e4ten und<br \/>\nPlatten. Diese werden nach Vereinbarung am Folgetag von unserem Fahrer abgeholt. Der Kunde h\u00e4lt<br \/>\ndie Leihwaren zum vereinbarten Termin zur Abholung bereit. Kann die Leihware nicht von uns abgeholt<br \/>\nwerden, weil der Kunde zum vereinbarten Termin nicht anzutreffen ist, behalten wir uns vor, Arbeitsstunden, Kilometergeld und Tagesleihgeb\u00fchren f\u00fcr verliehene Gegenst\u00e4nde in Rechnung zu stellen.<\/p>\n<p>Leihware die mit Getr\u00e4nken und Speisen in Kontakt kamen, sind aufgrund hygienischer Bestimmungen,<br \/>\ngereinigt zur\u00fcckzugeben.<\/p>\n<p>Der Kunde tr\u00e4gt von der \u00dcbergabe bis zur R\u00fcckgabe die Verantwortung f\u00fcr unsere Leihware.<br \/>\nDie R\u00fccknahme erfolgt zun\u00e4chst unter Vorbehalt. Exakte Bruch und Fehlmengen k\u00f6nnen erst nach erfolgtem Reinigungsproze\u00df ermittelt werden. Fehlmengen und Bruch werden zum Tagespreis berechnet.<br \/>\nSollten saisonbedingte Waren nicht erh\u00e4ltlich sein, behalten wir uns den Ersatz durch gleichwertige<br \/>\nRohstoffe vor.<\/p>\n<h3><b>Saisonale Abweichungen<\/b><\/h3>\n<h3><\/h3>\n<p>Die vom Partyservice Lassl angebotenen Speisen wie z.B. Obst, unterliegen teilweise saisonal<br \/>\nbedingten Schwankungen auf dem Markt. Wir behalten uns vor Teile der Bestellung, die diesen<br \/>\nsaisonalen Schwankungen unterliegen, durch gleichwertige Ware ohne Preis\u00e4nderung und<br \/>\nAnk\u00fcndigung zu ersetzen.<\/p>\n<h3><b>Gew\u00e4hrleistung <\/b><\/h3>\n<h3><\/h3>\n<p>Der Partyservice Lassl versichert daf\u00fcr Sorge zu tragen, dass die auszuliefernden Waren sorgf\u00e4ltig und vorschriftsm\u00e4\u00dfig transportiert werden. Wir \u00fcbernehmen keine Gew\u00e4hr, dass die Bestellung p\u00fcnktlich<br \/>\nbzw. in einem bestimmten Zeitrahmen erfolgt.<\/p>\n<p>Der Kunde hat die Ware nach mit ihm zumutbarer Gr\u00fcndlichkeit zu pr\u00fcfen. Erkennbare M\u00e4ngel bzw.<br \/>\nReklamationen bezogen auf z.B. Anzahl und Menge bestellter Waren, k\u00f6nnen nur sofort nach<br \/>\nAnlieferung geltend gemacht werden und m\u00fcssen sofort auf dem Lieferschein vermerkt werden.<br \/>\nF\u00fcr Sch\u00e4den, die durch h\u00f6here Gewalt entstehen, \u00fcbernehmen wir keine Schadensersatzanspr\u00fcche.<\/p>\n<p>Der Lieferer ist bei mangelhafter oder unvollst\u00e4ndiger Lieferung sofort telefonisch zu benachrichtigen,<br \/>\ndamit eventuell fehlende, oder f\u00e4lschlich gelieferte Teile der Bestellungen, nachgeliefert werden k\u00f6nnen.<br \/>\nBei nachweisbaren M\u00e4ngeln k\u00f6nnen wir nach unserer Wahl nachbessern oder kostenlosen Warenersatz<br \/>\nliefern. Ein Recht auf Wandlung oder Minderung entf\u00e4llt, falls etwaige M\u00e4ngel bzw. Minderleistungen erst<br \/>\nsp\u00e4ter beanstandet werden.<\/p>\n<h3><strong>R\u00fccktritt<\/strong><\/h3>\n<h3><\/h3>\n<p>Tritt der Besteller von fest gebuchten Veranstaltungen oder Buffet- oder Warenbestellungen zur\u00fcck, ist der Partyservice Lassl berechtig 60% der Auftragssumme als Schadensersatz zu berechnen.<\/p>\n<h3><b>Haftung <\/b><\/h3>\n<h3><\/h3>\n<p>Eine Haftung des Partyservice Lassl im Rahmen der vereinbarten Leistungen, ist begrenzt auf den<br \/>\nWarenwert. Nach \u00dcbergabe der bestellten Waren und Leihwaren an den Kunden, geht die Haftung f\u00fcr Besch\u00e4digung, und Bruch auf den Kunden \u00fcber.<\/p>\n<h3><b>Datenspeicherung\/Datenschutz<\/b><\/h3>\n<h3><\/h3>\n<p>Die f\u00fcr die Auftragsabwicklung notwendigen pers\u00f6nlichen Daten des Kunden werden gespeichert.<br \/>\nDer Kunde erkl\u00e4rt hiermit ausdr\u00fccklich sein Einverst\u00e4ndnis. Alle personenbezogenen Daten werden selbstverst\u00e4ndlich vertraulich behandelt.<\/p>\n<h3><b>Gerichtsstand<\/b><\/h3>\n<h3><\/h3>\n<p><b><\/b>Erf\u00fcllungsort und Gerichtstand ist Bielefeld.<br \/>\nPartyservice Lassl<br \/>\nFeldstra\u00dfe 28<br \/>\n33609 Bielefeld<br \/>\nTelefon: 0521\/3 78 54<br \/>\nFax: 0521\/3 05 14 91<br \/>\nMobil: 0157\/74 96 25 65<br \/>\nInhaber: Erich Lassl<\/p>\n<p>Bielefeld 01.01.2011<\/p>\n<\/div>\n<\/div>\n","protected":false},"excerpt":{"rendered":"<p>Allgemeine Gesch\u00e4ftsbedingungen Geltungsbereich Diese allgemeinen Gesch\u00e4ftsbedingungen in der jeweils aktuellen Fassung, gelten f\u00fcr die vom Partyservice Lassl angebotenen Leistungen, wie die Lieferung von Getr\u00e4nken und Speisen, Servicedienstleistungen, Personaldienstleistungen, den Verleih von Partyzubeh\u00f6r und die Vermittlung von eigenen, als auch Dienstleistungen und Waren von Drittanbietern, die der Kunde zuvor bei uns pers\u00f6nlich per Post, Telefon, Fax <a href=\"https:\/\/lassl-partyservice.de\/?page_id=36\" class=\"more-link\">...weiterlesen<span class=\"screen-reader-text\"> \"AGB\u00b4S\"<\/span><\/a><\/p>\n","protected":false},"author":1,"featured_media":0,"parent":0,"menu_order":0,"comment_status":"closed","ping_status":"closed","template":"","meta":{"footnotes":""},"yoast_head":"<!-- This site is optimized with the Yoast SEO plugin v23.5 - https:\/\/yoast.com\/wordpress\/plugins\/seo\/ -->\n<title>AGB\u00b4S -<\/title>\n<meta name=\"robots\" content=\"index, follow, max-snippet:-1, max-image-preview:large, max-video-preview:-1\" \/>\n<link rel=\"canonical\" href=\"https:\/\/lassl-partyservice.de\/?page_id=36\" \/>\n<meta property=\"og:locale\" content=\"de_DE\" \/>\n<meta property=\"og:type\" content=\"article\" \/>\n<meta property=\"og:title\" content=\"AGB\u00b4S -\" \/>\n<meta property=\"og:description\" content=\"Allgemeine Gesch\u00e4ftsbedingungen Geltungsbereich Diese allgemeinen Gesch\u00e4ftsbedingungen in der jeweils aktuellen Fassung, gelten f\u00fcr die vom Partyservice Lassl angebotenen Leistungen, wie die Lieferung von Getr\u00e4nken und Speisen, Servicedienstleistungen, Personaldienstleistungen, den Verleih von Partyzubeh\u00f6r und die Vermittlung von eigenen, als auch Dienstleistungen und Waren von Drittanbietern, die der Kunde zuvor bei uns pers\u00f6nlich per Post, Telefon, Fax ...weiterlesen &quot;AGB\u00b4S&quot;\" \/>\n<meta property=\"og:url\" content=\"https:\/\/lassl-partyservice.de\/?page_id=36\" \/>\n<meta name=\"twitter:card\" content=\"summary_large_image\" \/>\n<meta name=\"twitter:label1\" content=\"Gesch\u00e4tzte Lesezeit\" \/>\n\t<meta name=\"twitter:data1\" content=\"5\u00a0Minuten\" \/>\n<script type=\"application\/ld+json\" class=\"yoast-schema-graph\">{\"@context\":\"https:\/\/schema.org\",\"@graph\":[{\"@type\":\"WebPage\",\"@id\":\"https:\/\/lassl-partyservice.de\/?page_id=36\",\"url\":\"https:\/\/lassl-partyservice.de\/?page_id=36\",\"name\":\"AGB\u00b4S -\",\"isPartOf\":{\"@id\":\"https:\/\/lassl-partyservice.de\/#website\"},\"datePublished\":\"2018-11-15T10:12:38+00:00\",\"dateModified\":\"2018-11-15T10:12:38+00:00\",\"breadcrumb\":{\"@id\":\"https:\/\/lassl-partyservice.de\/?page_id=36#breadcrumb\"},\"inLanguage\":\"de\",\"potentialAction\":[{\"@type\":\"ReadAction\",\"target\":[\"https:\/\/lassl-partyservice.de\/?page_id=36\"]}]},{\"@type\":\"BreadcrumbList\",\"@id\":\"https:\/\/lassl-partyservice.de\/?page_id=36#breadcrumb\",\"itemListElement\":[{\"@type\":\"ListItem\",\"position\":1,\"name\":\"Startseite\",\"item\":\"https:\/\/lassl-partyservice.de\/\"},{\"@type\":\"ListItem\",\"position\":2,\"name\":\"AGB\u00b4S\"}]},{\"@type\":\"WebSite\",\"@id\":\"https:\/\/lassl-partyservice.de\/#website\",\"url\":\"https:\/\/lassl-partyservice.de\/\",\"name\":\"Partyservice Lassl\",\"description\":\"\",\"publisher\":{\"@id\":\"https:\/\/lassl-partyservice.de\/#organization\"},\"potentialAction\":[{\"@type\":\"SearchAction\",\"target\":{\"@type\":\"EntryPoint\",\"urlTemplate\":\"https:\/\/lassl-partyservice.de\/?s={search_term_string}\"},\"query-input\":{\"@type\":\"PropertyValueSpecification\",\"valueRequired\":true,\"valueName\":\"search_term_string\"}}],\"inLanguage\":\"de\"},{\"@type\":\"Organization\",\"@id\":\"https:\/\/lassl-partyservice.de\/#organization\",\"name\":\"Partyservice Lassl\",\"url\":\"https:\/\/lassl-partyservice.de\/\",\"logo\":{\"@type\":\"ImageObject\",\"inLanguage\":\"de\",\"@id\":\"https:\/\/lassl-partyservice.de\/#\/schema\/logo\/image\/\",\"url\":\"https:\/\/lassl-partyservice.de\/wp-content\/uploads\/2018\/11\/Logo.gif\",\"contentUrl\":\"https:\/\/lassl-partyservice.de\/wp-content\/uploads\/2018\/11\/Logo.gif\",\"width\":131,\"height\":123,\"caption\":\"Partyservice Lassl\"},\"image\":{\"@id\":\"https:\/\/lassl-partyservice.de\/#\/schema\/logo\/image\/\"}}]}<\/script>\n<!-- \/ Yoast SEO plugin. -->","yoast_head_json":{"title":"AGB\u00b4S -","robots":{"index":"index","follow":"follow","max-snippet":"max-snippet:-1","max-image-preview":"max-image-preview:large","max-video-preview":"max-video-preview:-1"},"canonical":"https:\/\/lassl-partyservice.de\/?page_id=36","og_locale":"de_DE","og_type":"article","og_title":"AGB\u00b4S -","og_description":"Allgemeine Gesch\u00e4ftsbedingungen Geltungsbereich Diese allgemeinen Gesch\u00e4ftsbedingungen in der jeweils aktuellen Fassung, gelten f\u00fcr die vom Partyservice Lassl angebotenen Leistungen, wie die Lieferung von Getr\u00e4nken und Speisen, Servicedienstleistungen, Personaldienstleistungen, den Verleih von Partyzubeh\u00f6r und die Vermittlung von eigenen, als auch Dienstleistungen und Waren von Drittanbietern, die der Kunde zuvor bei uns pers\u00f6nlich per Post, Telefon, Fax ...weiterlesen \"AGB\u00b4S\"","og_url":"https:\/\/lassl-partyservice.de\/?page_id=36","twitter_card":"summary_large_image","twitter_misc":{"Gesch\u00e4tzte Lesezeit":"5\u00a0Minuten"},"schema":{"@context":"https:\/\/schema.org","@graph":[{"@type":"WebPage","@id":"https:\/\/lassl-partyservice.de\/?page_id=36","url":"https:\/\/lassl-partyservice.de\/?page_id=36","name":"AGB\u00b4S -","isPartOf":{"@id":"https:\/\/lassl-partyservice.de\/#website"},"datePublished":"2018-11-15T10:12:38+00:00","dateModified":"2018-11-15T10:12:38+00:00","breadcrumb":{"@id":"https:\/\/lassl-partyservice.de\/?page_id=36#breadcrumb"},"inLanguage":"de","potentialAction":[{"@type":"ReadAction","target":["https:\/\/lassl-partyservice.de\/?page_id=36"]}]},{"@type":"BreadcrumbList","@id":"https:\/\/lassl-partyservice.de\/?page_id=36#breadcrumb","itemListElement":[{"@type":"ListItem","position":1,"name":"Startseite","item":"https:\/\/lassl-partyservice.de\/"},{"@type":"ListItem","position":2,"name":"AGB\u00b4S"}]},{"@type":"WebSite","@id":"https:\/\/lassl-partyservice.de\/#website","url":"https:\/\/lassl-partyservice.de\/","name":"Partyservice Lassl","description":"","publisher":{"@id":"https:\/\/lassl-partyservice.de\/#organization"},"potentialAction":[{"@type":"SearchAction","target":{"@type":"EntryPoint","urlTemplate":"https:\/\/lassl-partyservice.de\/?s={search_term_string}"},"query-input":{"@type":"PropertyValueSpecification","valueRequired":true,"valueName":"search_term_string"}}],"inLanguage":"de"},{"@type":"Organization","@id":"https:\/\/lassl-partyservice.de\/#organization","name":"Partyservice Lassl","url":"https:\/\/lassl-partyservice.de\/","logo":{"@type":"ImageObject","inLanguage":"de","@id":"https:\/\/lassl-partyservice.de\/#\/schema\/logo\/image\/","url":"https:\/\/lassl-partyservice.de\/wp-content\/uploads\/2018\/11\/Logo.gif","contentUrl":"https:\/\/lassl-partyservice.de\/wp-content\/uploads\/2018\/11\/Logo.gif","width":131,"height":123,"caption":"Partyservice Lassl"},"image":{"@id":"https:\/\/lassl-partyservice.de\/#\/schema\/logo\/image\/"}}]}},"_links":{"self":[{"href":"https:\/\/lassl-partyservice.de\/index.php?rest_route=\/wp\/v2\/pages\/36"}],"collection":[{"href":"https:\/\/lassl-partyservice.de\/index.php?rest_route=\/wp\/v2\/pages"}],"about":[{"href":"https:\/\/lassl-partyservice.de\/index.php?rest_route=\/wp\/v2\/types\/page"}],"author":[{"embeddable":true,"href":"https:\/\/lassl-partyservice.de\/index.php?rest_route=\/wp\/v2\/users\/1"}],"replies":[{"embeddable":true,"href":"https:\/\/lassl-partyservice.de\/index.php?rest_route=%2Fwp%2Fv2%2Fcomments&post=36"}],"version-history":[{"count":1,"href":"https:\/\/lassl-partyservice.de\/index.php?rest_route=\/wp\/v2\/pages\/36\/revisions"}],"predecessor-version":[{"id":37,"href":"https:\/\/lassl-partyservice.de\/index.php?rest_route=\/wp\/v2\/pages\/36\/revisions\/37"}],"wp:attachment":[{"href":"https:\/\/lassl-partyservice.de\/index.php?rest_route=%2Fwp%2Fv2%2Fmedia&parent=36"}],"curies":[{"name":"wp","href":"https:\/\/api.w.org\/{rel}","templated":true}]}}