{"id":28,"date":"2018-11-15T10:13:23","date_gmt":"2018-11-15T10:13:23","guid":{"rendered":"http:\/\/lassl-partyservice.de\/?page_id=28"},"modified":"2018-11-15T10:13:23","modified_gmt":"2018-11-15T10:13:23","slug":"impressum","status":"publish","type":"page","link":"https:\/\/lassl-partyservice.de\/?page_id=28","title":{"rendered":"Impressum"},"content":{"rendered":"<h2>Impressum<\/h2>\n<p>Gesch\u00e4ftsf\u00fchrer: Erich Lassl<\/p>\n<p>Feldstra\u00dfe 28a<br \/>\n33609 Bielefeld<\/p>\n<p>Telefon: 0521\/3 78 54<br \/>\nFax: 0521\/3 05 14 91<br \/>\nMobil: 015233866780<br \/>\nEmail: erich-lassl@online.de<\/p>\n<p>St.-Nr.: 305\/5133\/0355<\/p>\n<p>Die auf den Webseiten des Partyservice Lassl zur Verf\u00fcgung gestellten Informationen werden unter Beachtung der gr\u00f6\u00dften Sorgfalt laufend aktualisiert und erg\u00e4nzt. Dennoch kann keine Garantie f\u00fcr die Vollst\u00e4ndigkeit sowie Richtigkeit der angegebenen Daten \u00fcbernommen werden, da ggf. eingetretene \u00c4nderungen noch nicht auf dieser Webseite ersetzt\/ erg\u00e4nzt wurden.<\/p>\n<p>Die Verweise durch Hyperlinks auf Inhalte fremder Webseiten dienen lediglich der Information.<br \/>\nDie Verantwortlichkeit f\u00fcr diese fremden Inhalte liegt allein bei dem Anbieter, der die Inhalte bereitstellt.<br \/>\nVor dem Einrichten des entsprechenden Verweises sind die Web-Seiten der Anderen mit gro\u00dfer Sorgfalt und nach bestem Wissen und Gewissen \u00fcberpr\u00fcft worden. Dieses gilt f\u00fcr s\u00e4mtliche Webseiten Dritter, auf die durch einen Hyperlink verwiesen wird. F\u00fcr dort enthaltene Informationen ist das Bowling am Boulevard nicht verantwortlich und distanziert sich ausdr\u00fccklich hiervon.<br \/>\nDer Partyservice Lassl und dessen Verantwortliche schlie\u00dfen demnach jegliche Haftung im oben ganannten Zusammenhang aus.<\/p>\n<p>Falls der Partyservice Lassl trotz genauer Pr\u00fcfung auf Seiten verweist, deren Inhalt Anlass zur Beanstandung gibt, wird gebeten, dies mitzuteilen. Der Internet-Verantwortliche beh\u00e4lt sich daher das Recht vor, ohne vorherige Ank\u00fcndigung die Informationen zu \u00e4ndern, erg\u00e4nzen oder zu entfernen.<\/p>\n<p>F\u00fcr s\u00e4mtliche Links auf diesen Seiten gilt: Wir betonen, dass wir keinen Einfluss auf die Gestaltung und die Inhalte der durch Hyperlink von unserer Homepage aus erreichbaren Seiten anderer Anbieter haben und uns deren Inhalt nicht zu eigen machen.<\/p>\n<p>Jegliche pers\u00f6nliche Daten, die Sie uns, egal auf welchem Wege, \u00fcberlassen, werden ausschlie\u00dflich zur Bearbeitung Ihres Anliegens, unter Beachtung des Datenschutzgesetzes, gespeichert. Ihre Daten werden unter keinen Umst\u00e4nden an Dritte weitergeleitet, verkauft, vermietet oder in irgendwelcher Art zug\u00e4nglich gemacht.<\/p>\n<p>Inhalt und Gestaltung der Webseiten des Partyservice Lassl sind urheberrechtlich gesch\u00fctzt und d\u00fcrfen ausschlie\u00dflich und nach Belieben des Partyservice Lassl oder dessen Internet- Verantwortlichen von autorisierten Personen ge\u00e4ndert oder erg\u00e4nzt werden. Die enthaltenen Daten und Informationen d\u00fcrfen nicht ohne schriftliche Genehmigung der oben genannten Personen von Dritten zu eigen gemacht oder kopiert werden.<\/p>\n<h3>Hinweis f\u00fcr Abmahnversuche<\/h3>\n<p>Keine Abmahnung ohne vorherigen Kontakt.<br \/>\nSollte der Inhalt oder die Aufmachung dieser Seiten fremde Rechte Dritter oder gesetzliche Bestimmungen verletzen, so bitten wir um eine entsprechende Nachricht ohne Kostennote. Die Beseitigung einer m\u00f6glicherweise von diesen Seiten ausgehenden Schutzrecht-Verletzung durch Schutzrecht-Inhaber\/innen selbst darf nicht ohne unsere Zustimmung stattfinden. Wir garantieren, dass die zu Recht beanstandeten Passagen unverz\u00fcglich entfernt werden, ohne dass von Ihrer Seite die Einschaltung eines Rechtsbeistandes erforderlich ist. Dennoch von Ihnen ohne vorherige Kontaktaufnahme ausgel\u00f6ste Kosten werden wir vollumf\u00e4nglich zur\u00fcckweisen und gegebenenfalls Gegenklage wegen Verletzung vorgenannter Bestimmungen einreichen.<br \/>\nVielen Dank f\u00fcr Ihr Verst\u00e4ndnis.<\/p>\n","protected":false},"excerpt":{"rendered":"<p>Impressum Gesch\u00e4ftsf\u00fchrer: Erich Lassl Feldstra\u00dfe 28a 33609 Bielefeld Telefon: 0521\/3 78 54 Fax: 0521\/3 05 14 91 Mobil: 015233866780 Email: erich-lassl@online.de St.-Nr.: 305\/5133\/0355 Die auf den Webseiten des Partyservice Lassl zur Verf\u00fcgung gestellten Informationen werden unter Beachtung der gr\u00f6\u00dften Sorgfalt laufend aktualisiert und erg\u00e4nzt. Dennoch kann keine Garantie f\u00fcr die Vollst\u00e4ndigkeit sowie Richtigkeit der angegebenen <a href=\"https:\/\/lassl-partyservice.de\/?page_id=28\" class=\"more-link\">...weiterlesen<span class=\"screen-reader-text\"> \"Impressum\"<\/span><\/a><\/p>\n","protected":false},"author":1,"featured_media":0,"parent":0,"menu_order":0,"comment_status":"closed","ping_status":"closed","template":"","meta":{"footnotes":""},"yoast_head":"<!-- This site is optimized with the Yoast SEO plugin v23.5 - https:\/\/yoast.com\/wordpress\/plugins\/seo\/ -->\n<title>Impressum -<\/title>\n<meta name=\"robots\" content=\"index, follow, max-snippet:-1, max-image-preview:large, max-video-preview:-1\" \/>\n<link rel=\"canonical\" href=\"https:\/\/lassl-partyservice.de\/?page_id=28\" \/>\n<meta property=\"og:locale\" content=\"de_DE\" \/>\n<meta property=\"og:type\" content=\"article\" \/>\n<meta property=\"og:title\" content=\"Impressum -\" \/>\n<meta property=\"og:description\" content=\"Impressum Gesch\u00e4ftsf\u00fchrer: Erich Lassl Feldstra\u00dfe 28a 33609 Bielefeld Telefon: 0521\/3 78 54 Fax: 0521\/3 05 14 91 Mobil: 015233866780 Email: erich-lassl@online.de St.-Nr.: 305\/5133\/0355 Die auf den Webseiten des Partyservice Lassl zur Verf\u00fcgung gestellten Informationen werden unter Beachtung der gr\u00f6\u00dften Sorgfalt laufend aktualisiert und erg\u00e4nzt. Dennoch kann keine Garantie f\u00fcr die Vollst\u00e4ndigkeit sowie Richtigkeit der angegebenen ...weiterlesen &quot;Impressum&quot;\" \/>\n<meta property=\"og:url\" content=\"https:\/\/lassl-partyservice.de\/?page_id=28\" \/>\n<meta name=\"twitter:card\" content=\"summary_large_image\" \/>\n<meta name=\"twitter:label1\" content=\"Gesch\u00e4tzte Lesezeit\" \/>\n\t<meta name=\"twitter:data1\" content=\"2\u00a0Minuten\" \/>\n<script type=\"application\/ld+json\" class=\"yoast-schema-graph\">{\"@context\":\"https:\/\/schema.org\",\"@graph\":[{\"@type\":\"WebPage\",\"@id\":\"https:\/\/lassl-partyservice.de\/?page_id=28\",\"url\":\"https:\/\/lassl-partyservice.de\/?page_id=28\",\"name\":\"Impressum -\",\"isPartOf\":{\"@id\":\"https:\/\/lassl-partyservice.de\/#website\"},\"datePublished\":\"2018-11-15T10:13:23+00:00\",\"dateModified\":\"2018-11-15T10:13:23+00:00\",\"breadcrumb\":{\"@id\":\"https:\/\/lassl-partyservice.de\/?page_id=28#breadcrumb\"},\"inLanguage\":\"de\",\"potentialAction\":[{\"@type\":\"ReadAction\",\"target\":[\"https:\/\/lassl-partyservice.de\/?page_id=28\"]}]},{\"@type\":\"BreadcrumbList\",\"@id\":\"https:\/\/lassl-partyservice.de\/?page_id=28#breadcrumb\",\"itemListElement\":[{\"@type\":\"ListItem\",\"position\":1,\"name\":\"Startseite\",\"item\":\"https:\/\/lassl-partyservice.de\/\"},{\"@type\":\"ListItem\",\"position\":2,\"name\":\"Impressum\"}]},{\"@type\":\"WebSite\",\"@id\":\"https:\/\/lassl-partyservice.de\/#website\",\"url\":\"https:\/\/lassl-partyservice.de\/\",\"name\":\"Partyservice Lassl\",\"description\":\"\",\"publisher\":{\"@id\":\"https:\/\/lassl-partyservice.de\/#organization\"},\"potentialAction\":[{\"@type\":\"SearchAction\",\"target\":{\"@type\":\"EntryPoint\",\"urlTemplate\":\"https:\/\/lassl-partyservice.de\/?s={search_term_string}\"},\"query-input\":{\"@type\":\"PropertyValueSpecification\",\"valueRequired\":true,\"valueName\":\"search_term_string\"}}],\"inLanguage\":\"de\"},{\"@type\":\"Organization\",\"@id\":\"https:\/\/lassl-partyservice.de\/#organization\",\"name\":\"Partyservice Lassl\",\"url\":\"https:\/\/lassl-partyservice.de\/\",\"logo\":{\"@type\":\"ImageObject\",\"inLanguage\":\"de\",\"@id\":\"https:\/\/lassl-partyservice.de\/#\/schema\/logo\/image\/\",\"url\":\"https:\/\/lassl-partyservice.de\/wp-content\/uploads\/2018\/11\/Logo.gif\",\"contentUrl\":\"https:\/\/lassl-partyservice.de\/wp-content\/uploads\/2018\/11\/Logo.gif\",\"width\":131,\"height\":123,\"caption\":\"Partyservice Lassl\"},\"image\":{\"@id\":\"https:\/\/lassl-partyservice.de\/#\/schema\/logo\/image\/\"}}]}<\/script>\n<!-- \/ Yoast SEO plugin. -->","yoast_head_json":{"title":"Impressum -","robots":{"index":"index","follow":"follow","max-snippet":"max-snippet:-1","max-image-preview":"max-image-preview:large","max-video-preview":"max-video-preview:-1"},"canonical":"https:\/\/lassl-partyservice.de\/?page_id=28","og_locale":"de_DE","og_type":"article","og_title":"Impressum -","og_description":"Impressum Gesch\u00e4ftsf\u00fchrer: Erich Lassl Feldstra\u00dfe 28a 33609 Bielefeld Telefon: 0521\/3 78 54 Fax: 0521\/3 05 14 91 Mobil: 015233866780 Email: erich-lassl@online.de St.-Nr.: 305\/5133\/0355 Die auf den Webseiten des Partyservice Lassl zur Verf\u00fcgung gestellten Informationen werden unter Beachtung der gr\u00f6\u00dften Sorgfalt laufend aktualisiert und erg\u00e4nzt. Dennoch kann keine Garantie f\u00fcr die Vollst\u00e4ndigkeit sowie Richtigkeit der angegebenen ...weiterlesen \"Impressum\"","og_url":"https:\/\/lassl-partyservice.de\/?page_id=28","twitter_card":"summary_large_image","twitter_misc":{"Gesch\u00e4tzte Lesezeit":"2\u00a0Minuten"},"schema":{"@context":"https:\/\/schema.org","@graph":[{"@type":"WebPage","@id":"https:\/\/lassl-partyservice.de\/?page_id=28","url":"https:\/\/lassl-partyservice.de\/?page_id=28","name":"Impressum -","isPartOf":{"@id":"https:\/\/lassl-partyservice.de\/#website"},"datePublished":"2018-11-15T10:13:23+00:00","dateModified":"2018-11-15T10:13:23+00:00","breadcrumb":{"@id":"https:\/\/lassl-partyservice.de\/?page_id=28#breadcrumb"},"inLanguage":"de","potentialAction":[{"@type":"ReadAction","target":["https:\/\/lassl-partyservice.de\/?page_id=28"]}]},{"@type":"BreadcrumbList","@id":"https:\/\/lassl-partyservice.de\/?page_id=28#breadcrumb","itemListElement":[{"@type":"ListItem","position":1,"name":"Startseite","item":"https:\/\/lassl-partyservice.de\/"},{"@type":"ListItem","position":2,"name":"Impressum"}]},{"@type":"WebSite","@id":"https:\/\/lassl-partyservice.de\/#website","url":"https:\/\/lassl-partyservice.de\/","name":"Partyservice Lassl","description":"","publisher":{"@id":"https:\/\/lassl-partyservice.de\/#organization"},"potentialAction":[{"@type":"SearchAction","target":{"@type":"EntryPoint","urlTemplate":"https:\/\/lassl-partyservice.de\/?s={search_term_string}"},"query-input":{"@type":"PropertyValueSpecification","valueRequired":true,"valueName":"search_term_string"}}],"inLanguage":"de"},{"@type":"Organization","@id":"https:\/\/lassl-partyservice.de\/#organization","name":"Partyservice Lassl","url":"https:\/\/lassl-partyservice.de\/","logo":{"@type":"ImageObject","inLanguage":"de","@id":"https:\/\/lassl-partyservice.de\/#\/schema\/logo\/image\/","url":"https:\/\/lassl-partyservice.de\/wp-content\/uploads\/2018\/11\/Logo.gif","contentUrl":"https:\/\/lassl-partyservice.de\/wp-content\/uploads\/2018\/11\/Logo.gif","width":131,"height":123,"caption":"Partyservice Lassl"},"image":{"@id":"https:\/\/lassl-partyservice.de\/#\/schema\/logo\/image\/"}}]}},"_links":{"self":[{"href":"https:\/\/lassl-partyservice.de\/index.php?rest_route=\/wp\/v2\/pages\/28"}],"collection":[{"href":"https:\/\/lassl-partyservice.de\/index.php?rest_route=\/wp\/v2\/pages"}],"about":[{"href":"https:\/\/lassl-partyservice.de\/index.php?rest_route=\/wp\/v2\/types\/page"}],"author":[{"embeddable":true,"href":"https:\/\/lassl-partyservice.de\/index.php?rest_route=\/wp\/v2\/users\/1"}],"replies":[{"embeddable":true,"href":"https:\/\/lassl-partyservice.de\/index.php?rest_route=%2Fwp%2Fv2%2Fcomments&post=28"}],"version-history":[{"count":1,"href":"https:\/\/lassl-partyservice.de\/index.php?rest_route=\/wp\/v2\/pages\/28\/revisions"}],"predecessor-version":[{"id":29,"href":"https:\/\/lassl-partyservice.de\/index.php?rest_route=\/wp\/v2\/pages\/28\/revisions\/29"}],"wp:attachment":[{"href":"https:\/\/lassl-partyservice.de\/index.php?rest_route=%2Fwp%2Fv2%2Fmedia&parent=28"}],"curies":[{"name":"wp","href":"https:\/\/api.w.org\/{rel}","templated":true}]}}