{"id":26,"date":"2018-11-15T10:14:07","date_gmt":"2018-11-15T10:14:07","guid":{"rendered":"http:\/\/lassl-partyservice.de\/?page_id=26"},"modified":"2018-11-21T11:58:28","modified_gmt":"2018-11-21T11:58:28","slug":"vermietung","status":"publish","type":"page","link":"https:\/\/lassl-partyservice.de\/?page_id=26","title":{"rendered":"Vermietung"},"content":{"rendered":"<h2 align=\"center\"><span style=\"font-family: Verdana,sans-serif;\">Verleih und Vermietung<br \/>\n<\/span><\/h2>\n<h2 align=\"center\"><span style=\"font-family: Verdana,sans-serif;\">Steht demn\u00e4chst eine Grillfete an?<\/span><\/h2>\n<h3 align=\"center\"><span style=\"font-family: Verdana,sans-serif;\">Wir leihen Ihnen dazu gern Holzkohlegrills - und bei Bedarf auch einen W\u00fcrstchenwagen (Holzkohle f\u00fcr den Grill und Gas f\u00fcr den Wagen haben wir nat\u00fcrlich auch).<\/span><\/h3>\n<p align=\"center\"><span style=\"font-family: Verdana,sans-serif;\"><img loading=\"lazy\" decoding=\"async\" class=\"alignnone size-full wp-image-201\" src=\"https:\/\/lassl-partyservice.de\/wp-content\/uploads\/2018\/11\/20181107_112446.jpg\" alt=\"\" width=\"4128\" height=\"2322\" srcset=\"https:\/\/lassl-partyservice.de\/wp-content\/uploads\/2018\/11\/20181107_112446.jpg 4128w, https:\/\/lassl-partyservice.de\/wp-content\/uploads\/2018\/11\/20181107_112446-300x169.jpg 300w, https:\/\/lassl-partyservice.de\/wp-content\/uploads\/2018\/11\/20181107_112446-768x432.jpg 768w, https:\/\/lassl-partyservice.de\/wp-content\/uploads\/2018\/11\/20181107_112446-1024x576.jpg 1024w\" sizes=\"(max-width: 4128px) 100vw, 4128px\" \/><\/span><\/p>\n<h3 align=\"center\"><span style=\"color: #000000; font-family: Verdana,sans-serif;\">Dar\u00fcber hinaus w\u00fcrden wir Ihnen gern auch unsere schmackhafte Bratwurst, naturbelassene oder verschieden marinierte Nackensteaks, herzhafte Zwiebeltaschen, w\u00fcrzige Grillfackeln, deftiges Bauchfleisch und vieles mehr liefern<\/span><span style=\"color: #000000;\">.<\/span><\/h3>\n<p align=\"center\"><span style=\"font-family: Verdana,sans-serif;\"><img loading=\"lazy\" decoding=\"async\" class=\"alignnone size-full wp-image-262\" src=\"https:\/\/lassl-partyservice.de\/wp-content\/uploads\/2018\/11\/grilled-meats-1309431_1920.jpg\" alt=\"\" width=\"1920\" height=\"1276\" srcset=\"https:\/\/lassl-partyservice.de\/wp-content\/uploads\/2018\/11\/grilled-meats-1309431_1920.jpg 1920w, https:\/\/lassl-partyservice.de\/wp-content\/uploads\/2018\/11\/grilled-meats-1309431_1920-300x199.jpg 300w, https:\/\/lassl-partyservice.de\/wp-content\/uploads\/2018\/11\/grilled-meats-1309431_1920-768x510.jpg 768w, https:\/\/lassl-partyservice.de\/wp-content\/uploads\/2018\/11\/grilled-meats-1309431_1920-1024x681.jpg 1024w, https:\/\/lassl-partyservice.de\/wp-content\/uploads\/2018\/11\/grilled-meats-1309431_1920-960x638.jpg 960w\" sizes=\"(max-width: 1920px) 100vw, 1920px\" \/><\/span><\/p>\n<h3><span style=\"color: #000000; font-family: Verdana,sans-serif;\">Dazu passend haben wir verschiedene Salate und\/oder diverse Brotsorten f\u00fcr Sie.<\/span><\/h3>\n<h3 align=\"center\"><span style=\"color: #000000; font-family: Verdana,sans-serif;\">Kein Geschirr?<\/span><\/h3>\n<h3 align=\"center\"><span style=\"color: #000000; font-family: Verdana,sans-serif;\">Kein Problem!<\/span><\/h3>\n<h3 align=\"center\"><span style=\"color: #000000; font-family: Verdana,sans-serif;\">Das stellen wir Ihnen ebenso gern zur Verf\u00fcgung.<\/span><\/h3>\n","protected":false},"excerpt":{"rendered":"<p>Verleih und Vermietung Steht demn\u00e4chst eine Grillfete an? Wir leihen Ihnen dazu gern Holzkohlegrills - und bei Bedarf auch einen W\u00fcrstchenwagen (Holzkohle f\u00fcr den Grill und Gas f\u00fcr den Wagen haben wir nat\u00fcrlich auch). Dar\u00fcber hinaus w\u00fcrden wir Ihnen gern auch unsere schmackhafte Bratwurst, naturbelassene oder verschieden marinierte Nackensteaks, herzhafte Zwiebeltaschen, w\u00fcrzige Grillfackeln, deftiges Bauchfleisch <a href=\"https:\/\/lassl-partyservice.de\/?page_id=26\" class=\"more-link\">...weiterlesen<span class=\"screen-reader-text\"> \"Vermietung\"<\/span><\/a><\/p>\n","protected":false},"author":1,"featured_media":0,"parent":0,"menu_order":0,"comment_status":"closed","ping_status":"closed","template":"","meta":{"footnotes":""},"yoast_head":"<!-- This site is optimized with the Yoast SEO plugin v23.5 - https:\/\/yoast.com\/wordpress\/plugins\/seo\/ -->\n<title>Vermietung -<\/title>\n<meta name=\"robots\" content=\"index, follow, max-snippet:-1, max-image-preview:large, max-video-preview:-1\" \/>\n<link rel=\"canonical\" href=\"https:\/\/lassl-partyservice.de\/?page_id=26\" \/>\n<meta property=\"og:locale\" content=\"de_DE\" \/>\n<meta property=\"og:type\" content=\"article\" \/>\n<meta property=\"og:title\" content=\"Vermietung -\" \/>\n<meta property=\"og:description\" content=\"Verleih und Vermietung Steht demn\u00e4chst eine Grillfete an? Wir leihen Ihnen dazu gern Holzkohlegrills - und bei Bedarf auch einen W\u00fcrstchenwagen (Holzkohle f\u00fcr den Grill und Gas f\u00fcr den Wagen haben wir nat\u00fcrlich auch). Dar\u00fcber hinaus w\u00fcrden wir Ihnen gern auch unsere schmackhafte Bratwurst, naturbelassene oder verschieden marinierte Nackensteaks, herzhafte Zwiebeltaschen, w\u00fcrzige Grillfackeln, deftiges Bauchfleisch ...weiterlesen &quot;Vermietung&quot;\" \/>\n<meta property=\"og:url\" content=\"https:\/\/lassl-partyservice.de\/?page_id=26\" \/>\n<meta property=\"article:modified_time\" content=\"2018-11-21T11:58:28+00:00\" \/>\n<meta property=\"og:image\" content=\"https:\/\/lassl-partyservice.de\/wp-content\/uploads\/2018\/11\/20181107_112446.jpg\" \/>\n<meta name=\"twitter:card\" content=\"summary_large_image\" \/>\n<script type=\"application\/ld+json\" class=\"yoast-schema-graph\">{\"@context\":\"https:\/\/schema.org\",\"@graph\":[{\"@type\":\"WebPage\",\"@id\":\"https:\/\/lassl-partyservice.de\/?page_id=26\",\"url\":\"https:\/\/lassl-partyservice.de\/?page_id=26\",\"name\":\"Vermietung -\",\"isPartOf\":{\"@id\":\"https:\/\/lassl-partyservice.de\/#website\"},\"primaryImageOfPage\":{\"@id\":\"https:\/\/lassl-partyservice.de\/?page_id=26#primaryimage\"},\"image\":{\"@id\":\"https:\/\/lassl-partyservice.de\/?page_id=26#primaryimage\"},\"thumbnailUrl\":\"https:\/\/lassl-partyservice.de\/wp-content\/uploads\/2018\/11\/20181107_112446.jpg\",\"datePublished\":\"2018-11-15T10:14:07+00:00\",\"dateModified\":\"2018-11-21T11:58:28+00:00\",\"breadcrumb\":{\"@id\":\"https:\/\/lassl-partyservice.de\/?page_id=26#breadcrumb\"},\"inLanguage\":\"de\",\"potentialAction\":[{\"@type\":\"ReadAction\",\"target\":[\"https:\/\/lassl-partyservice.de\/?page_id=26\"]}]},{\"@type\":\"ImageObject\",\"inLanguage\":\"de\",\"@id\":\"https:\/\/lassl-partyservice.de\/?page_id=26#primaryimage\",\"url\":\"https:\/\/lassl-partyservice.de\/wp-content\/uploads\/2018\/11\/20181107_112446.jpg\",\"contentUrl\":\"https:\/\/lassl-partyservice.de\/wp-content\/uploads\/2018\/11\/20181107_112446.jpg\",\"width\":4128,\"height\":2322},{\"@type\":\"BreadcrumbList\",\"@id\":\"https:\/\/lassl-partyservice.de\/?page_id=26#breadcrumb\",\"itemListElement\":[{\"@type\":\"ListItem\",\"position\":1,\"name\":\"Startseite\",\"item\":\"https:\/\/lassl-partyservice.de\/\"},{\"@type\":\"ListItem\",\"position\":2,\"name\":\"Vermietung\"}]},{\"@type\":\"WebSite\",\"@id\":\"https:\/\/lassl-partyservice.de\/#website\",\"url\":\"https:\/\/lassl-partyservice.de\/\",\"name\":\"Partyservice Lassl\",\"description\":\"\",\"publisher\":{\"@id\":\"https:\/\/lassl-partyservice.de\/#organization\"},\"potentialAction\":[{\"@type\":\"SearchAction\",\"target\":{\"@type\":\"EntryPoint\",\"urlTemplate\":\"https:\/\/lassl-partyservice.de\/?s={search_term_string}\"},\"query-input\":{\"@type\":\"PropertyValueSpecification\",\"valueRequired\":true,\"valueName\":\"search_term_string\"}}],\"inLanguage\":\"de\"},{\"@type\":\"Organization\",\"@id\":\"https:\/\/lassl-partyservice.de\/#organization\",\"name\":\"Partyservice Lassl\",\"url\":\"https:\/\/lassl-partyservice.de\/\",\"logo\":{\"@type\":\"ImageObject\",\"inLanguage\":\"de\",\"@id\":\"https:\/\/lassl-partyservice.de\/#\/schema\/logo\/image\/\",\"url\":\"https:\/\/lassl-partyservice.de\/wp-content\/uploads\/2018\/11\/Logo.gif\",\"contentUrl\":\"https:\/\/lassl-partyservice.de\/wp-content\/uploads\/2018\/11\/Logo.gif\",\"width\":131,\"height\":123,\"caption\":\"Partyservice Lassl\"},\"image\":{\"@id\":\"https:\/\/lassl-partyservice.de\/#\/schema\/logo\/image\/\"}}]}<\/script>\n<!-- \/ Yoast SEO plugin. -->","yoast_head_json":{"title":"Vermietung -","robots":{"index":"index","follow":"follow","max-snippet":"max-snippet:-1","max-image-preview":"max-image-preview:large","max-video-preview":"max-video-preview:-1"},"canonical":"https:\/\/lassl-partyservice.de\/?page_id=26","og_locale":"de_DE","og_type":"article","og_title":"Vermietung -","og_description":"Verleih und Vermietung Steht demn\u00e4chst eine Grillfete an? Wir leihen Ihnen dazu gern Holzkohlegrills - und bei Bedarf auch einen W\u00fcrstchenwagen (Holzkohle f\u00fcr den Grill und Gas f\u00fcr den Wagen haben wir nat\u00fcrlich auch). Dar\u00fcber hinaus w\u00fcrden wir Ihnen gern auch unsere schmackhafte Bratwurst, naturbelassene oder verschieden marinierte Nackensteaks, herzhafte Zwiebeltaschen, w\u00fcrzige Grillfackeln, deftiges Bauchfleisch ...weiterlesen \"Vermietung\"","og_url":"https:\/\/lassl-partyservice.de\/?page_id=26","article_modified_time":"2018-11-21T11:58:28+00:00","og_image":[{"url":"https:\/\/lassl-partyservice.de\/wp-content\/uploads\/2018\/11\/20181107_112446.jpg"}],"twitter_card":"summary_large_image","schema":{"@context":"https:\/\/schema.org","@graph":[{"@type":"WebPage","@id":"https:\/\/lassl-partyservice.de\/?page_id=26","url":"https:\/\/lassl-partyservice.de\/?page_id=26","name":"Vermietung -","isPartOf":{"@id":"https:\/\/lassl-partyservice.de\/#website"},"primaryImageOfPage":{"@id":"https:\/\/lassl-partyservice.de\/?page_id=26#primaryimage"},"image":{"@id":"https:\/\/lassl-partyservice.de\/?page_id=26#primaryimage"},"thumbnailUrl":"https:\/\/lassl-partyservice.de\/wp-content\/uploads\/2018\/11\/20181107_112446.jpg","datePublished":"2018-11-15T10:14:07+00:00","dateModified":"2018-11-21T11:58:28+00:00","breadcrumb":{"@id":"https:\/\/lassl-partyservice.de\/?page_id=26#breadcrumb"},"inLanguage":"de","potentialAction":[{"@type":"ReadAction","target":["https:\/\/lassl-partyservice.de\/?page_id=26"]}]},{"@type":"ImageObject","inLanguage":"de","@id":"https:\/\/lassl-partyservice.de\/?page_id=26#primaryimage","url":"https:\/\/lassl-partyservice.de\/wp-content\/uploads\/2018\/11\/20181107_112446.jpg","contentUrl":"https:\/\/lassl-partyservice.de\/wp-content\/uploads\/2018\/11\/20181107_112446.jpg","width":4128,"height":2322},{"@type":"BreadcrumbList","@id":"https:\/\/lassl-partyservice.de\/?page_id=26#breadcrumb","itemListElement":[{"@type":"ListItem","position":1,"name":"Startseite","item":"https:\/\/lassl-partyservice.de\/"},{"@type":"ListItem","position":2,"name":"Vermietung"}]},{"@type":"WebSite","@id":"https:\/\/lassl-partyservice.de\/#website","url":"https:\/\/lassl-partyservice.de\/","name":"Partyservice Lassl","description":"","publisher":{"@id":"https:\/\/lassl-partyservice.de\/#organization"},"potentialAction":[{"@type":"SearchAction","target":{"@type":"EntryPoint","urlTemplate":"https:\/\/lassl-partyservice.de\/?s={search_term_string}"},"query-input":{"@type":"PropertyValueSpecification","valueRequired":true,"valueName":"search_term_string"}}],"inLanguage":"de"},{"@type":"Organization","@id":"https:\/\/lassl-partyservice.de\/#organization","name":"Partyservice Lassl","url":"https:\/\/lassl-partyservice.de\/","logo":{"@type":"ImageObject","inLanguage":"de","@id":"https:\/\/lassl-partyservice.de\/#\/schema\/logo\/image\/","url":"https:\/\/lassl-partyservice.de\/wp-content\/uploads\/2018\/11\/Logo.gif","contentUrl":"https:\/\/lassl-partyservice.de\/wp-content\/uploads\/2018\/11\/Logo.gif","width":131,"height":123,"caption":"Partyservice Lassl"},"image":{"@id":"https:\/\/lassl-partyservice.de\/#\/schema\/logo\/image\/"}}]}},"_links":{"self":[{"href":"https:\/\/lassl-partyservice.de\/index.php?rest_route=\/wp\/v2\/pages\/26"}],"collection":[{"href":"https:\/\/lassl-partyservice.de\/index.php?rest_route=\/wp\/v2\/pages"}],"about":[{"href":"https:\/\/lassl-partyservice.de\/index.php?rest_route=\/wp\/v2\/types\/page"}],"author":[{"embeddable":true,"href":"https:\/\/lassl-partyservice.de\/index.php?rest_route=\/wp\/v2\/users\/1"}],"replies":[{"embeddable":true,"href":"https:\/\/lassl-partyservice.de\/index.php?rest_route=%2Fwp%2Fv2%2Fcomments&post=26"}],"version-history":[{"count":7,"href":"https:\/\/lassl-partyservice.de\/index.php?rest_route=\/wp\/v2\/pages\/26\/revisions"}],"predecessor-version":[{"id":263,"href":"https:\/\/lassl-partyservice.de\/index.php?rest_route=\/wp\/v2\/pages\/26\/revisions\/263"}],"wp:attachment":[{"href":"https:\/\/lassl-partyservice.de\/index.php?rest_route=%2Fwp%2Fv2%2Fmedia&parent=26"}],"curies":[{"name":"wp","href":"https:\/\/api.w.org\/{rel}","templated":true}]}}