{"id":22,"date":"2018-11-15T10:12:51","date_gmt":"2018-11-15T10:12:51","guid":{"rendered":"http:\/\/lassl-partyservice.de\/?page_id=22"},"modified":"2018-11-20T17:05:58","modified_gmt":"2018-11-20T17:05:58","slug":"buffetvorschlaege","status":"publish","type":"page","link":"https:\/\/lassl-partyservice.de\/?page_id=22","title":{"rendered":"Buffetvorschl\u00e4ge"},"content":{"rendered":"<div id=\"main_container\">\n<table id=\"layout_table\">\n<tbody>\n<tr>\n<td id=\"content_column\" colspan=\"1\" rowspan=\"1\">\n<div id=\"sub_container2\">\n<div id=\"content_container\" class=\"content\">\n<h2 align=\"center\"><span style=\"font-family: Verdana,sans-serif;\"><span style=\"color: #990033;\">Buffetvorschl\u00e4ge (warm und kalt)<\/span><br \/>\n<\/span><\/h2>\n<p align=\"center\"><span style=\"font-family: Verdana,sans-serif;\">Die im Anhang vorgestellten Buffets sind u.a. von Kunden zusammengstellt und gern genommene Beispiele.<\/span><\/p>\n<p align=\"center\"><b><span style=\"font-family: Verdana,sans-serif;\">Bei der Zusammenstellung Ihrer eigenen Buffet-W\u00fcnsche sind wir gern behilflich.<\/span><\/b><\/p>\n<h3><span style=\"font-family: Verdana,sans-serif;\"><span style=\"color: #990033;\"><u>Gourmet Buffet (warm)<\/u><\/span><br \/>\n<\/span><\/h3>\n<p><span style=\"font-family: Verdana,sans-serif;\">Hauptgerichte:<\/span><\/p>\n<p>- Schweinefilet in Pilzrahm<br \/>\n- Party- Schnitzel<br \/>\n- Schinkenbraten<\/p>\n<p>Beilagen:<\/p>\n<p>- Kartoffelgratin<br \/>\n- Kroketten<br \/>\n- Kaisergem\u00fcse<br \/>\n- Bauernsalat<\/p>\n<p>Dessert:<\/p>\n<p>- Rote Gr\u00fctze mit Vanillesauce<\/p>\n<p>&nbsp;<\/p>\n<h3><span style=\"font-family: Verdana,sans-serif;\"><span style=\"color: #990033;\"><u>Bayrisches Buffet (warm)<\/u><\/span><br \/>\n<\/span><\/h3>\n<p><span style=\"font-family: Verdana,sans-serif;\">Hauptgerichte:<\/span><\/p>\n<p>- Wei\u00dfwurst<br \/>\n- Krustenbraten<br \/>\n- Leberk\u00e4se<\/p>\n<p>Beilagen:<\/p>\n<p>- Bayrisch Kraut<\/p>\n<p>- Rotkohl<\/p>\n<p>- Speckkartoffelsalat<br \/>\n- Laugenbrezel<br \/>\n- Zwiebelbrot<\/p>\n<p><span style=\"color: #000000; font-family: Verdana,sans-serif;\">Dessert: <\/span><br \/>\n<span style=\"font-family: Verdana,sans-serif;\"><br \/>\n- Vanillequark<\/span><\/p>\n<p>&nbsp;<\/p>\n<h3><span style=\"font-family: Verdana,sans-serif;\"><span style=\"color: #990033;\"><u>Herbstbuffet (warm)<\/u><\/span><br \/>\n<\/span><\/h3>\n<p><span style=\"font-family: Verdana,sans-serif;\">Hauptgerichte:<\/span><\/p>\n<p>- Gr\u00fcnkohl<br \/>\n- Kohlwurst<br \/>\n- Kassler<\/p>\n<p>Beilagen:<\/p>\n<p>- Salzkartoffeln<\/p>\n<p>Dessert:<\/p>\n<p>- Schokoladenpudding<\/p>\n<p>&nbsp;<\/p>\n<h3><span style=\"font-family: Verdana,sans-serif;\"><u><span style=\"color: #990033;\">Gefl\u00fcgelbuffet (warm)<\/span><\/u><br \/>\n<\/span><\/h3>\n<p><span style=\"font-family: Verdana,sans-serif;\">Hauptgerichte:<\/span><\/p>\n<p>- H\u00e4hnchenfilet in Paprikarahmsauce<br \/>\n- H\u00e4hnchengeschnetzeltes in Champignonrahmsauce<br \/>\n- H\u00e4hnchenkeule<\/p>\n<p>Beilagen:<\/p>\n<p>- Curryreis<br \/>\n- Butternudeln<br \/>\n- Sommergem\u00fcse<br \/>\n- Bauernsalat<\/p>\n<p>Dessert:<\/p>\n<p>- Bananenquark<\/p>\n<p>&nbsp;<\/p>\n<h3><span style=\"color: #990033;\"><u><span style=\"font-family: Verdana,sans-serif;\">Familienbuffet (warm)<\/span><\/u><\/span><\/h3>\n<p><span style=\"font-family: Verdana,sans-serif;\">Hauptgerichte:<\/span><\/p>\n<p>- J\u00e4gerbraten<br \/>\n- Schinkenbraten<br \/>\n- Party-Schnitzel<\/p>\n<p>Beilagen:<\/p>\n<p>- Kartoffelgratin<br \/>\n- Bratkartoffeln<br \/>\n- Erbsen und M\u00f6hren<br \/>\n- Bauernsalat<\/p>\n<p>Dessert:<\/p>\n<p>- Erdbeerquark<\/p>\n<p>&nbsp;<\/p>\n<h3><span style=\"font-family: Verdana,sans-serif;\"><span style=\"color: #990033;\"><u>Bowlingbuffet (warm)<\/u><\/span><br \/>\n<\/span><\/h3>\n<p><span style=\"font-family: Verdana,sans-serif;\">Hauptgerichte:<br \/>\n<\/span><\/p>\n<p><span style=\"font-family: Verdana,sans-serif;\">- H\u00e4hnchenfilet in Currysauce<br \/>\n- Schweinefilet in Pfifferlingsauce<br \/>\n- Party-Schnitzel<\/span><\/p>\n<p><b>Beilagen: <\/b><\/p>\n<p><span style=\"font-family: Verdana,sans-serif;\">- Butterreis<br \/>\n- Kroketten<br \/>\n- Kaisergem\u00fcse<br \/>\n- Bauernsalat<br \/>\n- K\u00e4seplatte<br \/>\n- Fischplatte<br \/>\n- Brotkorb<\/span><\/p>\n<p>&nbsp;<\/p>\n<h3><span style=\"font-family: Verdana,sans-serif;\"><span style=\"color: #990033;\"><u>Bauernbuffet (warm)<\/u><\/span><br \/>\n<\/span><\/h3>\n<p><span style=\"font-family: Verdana,sans-serif;\">Hauptgericht:<\/span><\/p>\n<p>- Spanferkel mit Sauerkraut<\/p>\n<p><span style=\"font-family: Verdana,sans-serif;\">Beilagen:<\/span><\/p>\n<p><span style=\"font-family: Verdana,sans-serif;\">- Bratkartoffeln<\/span><\/p>\n<p>Dessert:<\/p>\n<p>- Vanillepudding<\/p>\n<h3><span style=\"font-family: Verdana,sans-serif;\"><span style=\"color: #990033;\"><u>Kaltbuffet 1 (kalt)<\/u><\/span><br \/>\n<\/span><\/h3>\n<h2><\/h2>\n<p><span style=\"font-family: Verdana,sans-serif;\">Hauptgerichte:<\/span><\/p>\n<p>- Mandelsteack<br \/>\n- H\u00e4hnchenbrust<br \/>\n- Schinkenr\u00f6llchen<br \/>\n- Kasslerbraten<\/p>\n<p>Beilagen:<\/p>\n<p>- Brotkorb<br \/>\n- Farmersalat<br \/>\n- Krautsalat<\/p>\n<p>&nbsp;<\/p>\n<h3><span style=\"font-family: Verdana,sans-serif;\"><span style=\"color: #990033;\"><u>Kaltbuffet 2 (kalt)<\/u><\/span><br \/>\n<\/span><\/h3>\n<p><span style=\"font-family: Verdana,sans-serif;\">Hauptgerichte:<\/span><\/p>\n<p>- Forelle oder Matjes auf Apfel<br \/>\n- Partyschnitzel<br \/>\n- Roastbeef gef\u00fcllt<br \/>\n- H\u00e4hnchenbrust<br \/>\n- Spie\u00dfbraten<\/p>\n<p>Beilagen:<\/p>\n<p>- Bauernsalt<br \/>\n- Waldorfsalat<br \/>\n- Eiersalat<br \/>\n- Brotkorb<\/p>\n<p>&nbsp;<\/p>\n<h3><span style=\"font-family: Verdana,sans-serif;\"><span style=\"color: #990033;\"><u>Genie\u00dferbuffet (kalt)<\/u><\/span><br \/>\n<\/span><\/h3>\n<p><span style=\"font-family: Verdana,sans-serif;\">Hauptgerichte:<\/span><\/p>\n<p>- K\u00e4seplatte<br \/>\n- H\u00e4hnchenschnitzel<br \/>\n- Schweinebraten<br \/>\n- Kasslerbraten<br \/>\n- Schinkenr\u00f6llchen<\/p>\n<p>Beilagen:<\/p>\n<p>- Nudelsalat<br \/>\n- Krautsalat<br \/>\n- Bauernsalat<br \/>\n- Brotkorb<\/p>\n<p align=\"center\"><span style=\"color: #990033; font-family: Verdana,sans-serif;\">Wir liefern Ihr Buffet auch an Sonn- u. Feiertagen!<\/span><\/p>\n<\/div>\n<\/div>\n<\/td>\n<\/tr>\n<\/tbody>\n<\/table>\n<\/div>\n<div id=\"content_b\"><\/div>\n","protected":false},"excerpt":{"rendered":"<p>Buffetvorschl\u00e4ge (warm und kalt) Die im Anhang vorgestellten Buffets sind u.a. von Kunden zusammengstellt und gern genommene Beispiele. Bei der Zusammenstellung Ihrer eigenen Buffet-W\u00fcnsche sind wir gern behilflich. Gourmet Buffet (warm) Hauptgerichte: - Schweinefilet in Pilzrahm - Party- Schnitzel - Schinkenbraten Beilagen: - Kartoffelgratin - Kroketten - Kaisergem\u00fcse - Bauernsalat Dessert: - Rote Gr\u00fctze mit <a href=\"https:\/\/lassl-partyservice.de\/?page_id=22\" class=\"more-link\">...weiterlesen<span class=\"screen-reader-text\"> \"Buffetvorschl\u00e4ge\"<\/span><\/a><\/p>\n","protected":false},"author":1,"featured_media":0,"parent":0,"menu_order":0,"comment_status":"closed","ping_status":"closed","template":"","meta":{"footnotes":""},"yoast_head":"<!-- This site is optimized with the Yoast SEO plugin v23.5 - https:\/\/yoast.com\/wordpress\/plugins\/seo\/ -->\n<title>Buffetvorschl\u00e4ge -<\/title>\n<meta name=\"robots\" content=\"index, follow, max-snippet:-1, max-image-preview:large, max-video-preview:-1\" \/>\n<link rel=\"canonical\" href=\"https:\/\/lassl-partyservice.de\/?page_id=22\" \/>\n<meta property=\"og:locale\" content=\"de_DE\" \/>\n<meta property=\"og:type\" content=\"article\" \/>\n<meta property=\"og:title\" content=\"Buffetvorschl\u00e4ge -\" \/>\n<meta property=\"og:description\" content=\"Buffetvorschl\u00e4ge (warm und kalt) Die im Anhang vorgestellten Buffets sind u.a. von Kunden zusammengstellt und gern genommene Beispiele. Bei der Zusammenstellung Ihrer eigenen Buffet-W\u00fcnsche sind wir gern behilflich. Gourmet Buffet (warm) Hauptgerichte: - Schweinefilet in Pilzrahm - Party- Schnitzel - Schinkenbraten Beilagen: - Kartoffelgratin - Kroketten - Kaisergem\u00fcse - Bauernsalat Dessert: - Rote Gr\u00fctze mit ...weiterlesen &quot;Buffetvorschl\u00e4ge&quot;\" \/>\n<meta property=\"og:url\" content=\"https:\/\/lassl-partyservice.de\/?page_id=22\" \/>\n<meta property=\"article:modified_time\" content=\"2018-11-20T17:05:58+00:00\" \/>\n<meta name=\"twitter:card\" content=\"summary_large_image\" \/>\n<meta name=\"twitter:label1\" content=\"Gesch\u00e4tzte Lesezeit\" \/>\n\t<meta name=\"twitter:data1\" content=\"1\u00a0Minute\" \/>\n<script type=\"application\/ld+json\" class=\"yoast-schema-graph\">{\"@context\":\"https:\/\/schema.org\",\"@graph\":[{\"@type\":\"WebPage\",\"@id\":\"https:\/\/lassl-partyservice.de\/?page_id=22\",\"url\":\"https:\/\/lassl-partyservice.de\/?page_id=22\",\"name\":\"Buffetvorschl\u00e4ge -\",\"isPartOf\":{\"@id\":\"https:\/\/lassl-partyservice.de\/#website\"},\"datePublished\":\"2018-11-15T10:12:51+00:00\",\"dateModified\":\"2018-11-20T17:05:58+00:00\",\"breadcrumb\":{\"@id\":\"https:\/\/lassl-partyservice.de\/?page_id=22#breadcrumb\"},\"inLanguage\":\"de\",\"potentialAction\":[{\"@type\":\"ReadAction\",\"target\":[\"https:\/\/lassl-partyservice.de\/?page_id=22\"]}]},{\"@type\":\"BreadcrumbList\",\"@id\":\"https:\/\/lassl-partyservice.de\/?page_id=22#breadcrumb\",\"itemListElement\":[{\"@type\":\"ListItem\",\"position\":1,\"name\":\"Startseite\",\"item\":\"https:\/\/lassl-partyservice.de\/\"},{\"@type\":\"ListItem\",\"position\":2,\"name\":\"Buffetvorschl\u00e4ge\"}]},{\"@type\":\"WebSite\",\"@id\":\"https:\/\/lassl-partyservice.de\/#website\",\"url\":\"https:\/\/lassl-partyservice.de\/\",\"name\":\"Partyservice Lassl\",\"description\":\"\",\"publisher\":{\"@id\":\"https:\/\/lassl-partyservice.de\/#organization\"},\"potentialAction\":[{\"@type\":\"SearchAction\",\"target\":{\"@type\":\"EntryPoint\",\"urlTemplate\":\"https:\/\/lassl-partyservice.de\/?s={search_term_string}\"},\"query-input\":{\"@type\":\"PropertyValueSpecification\",\"valueRequired\":true,\"valueName\":\"search_term_string\"}}],\"inLanguage\":\"de\"},{\"@type\":\"Organization\",\"@id\":\"https:\/\/lassl-partyservice.de\/#organization\",\"name\":\"Partyservice Lassl\",\"url\":\"https:\/\/lassl-partyservice.de\/\",\"logo\":{\"@type\":\"ImageObject\",\"inLanguage\":\"de\",\"@id\":\"https:\/\/lassl-partyservice.de\/#\/schema\/logo\/image\/\",\"url\":\"https:\/\/lassl-partyservice.de\/wp-content\/uploads\/2018\/11\/Logo.gif\",\"contentUrl\":\"https:\/\/lassl-partyservice.de\/wp-content\/uploads\/2018\/11\/Logo.gif\",\"width\":131,\"height\":123,\"caption\":\"Partyservice Lassl\"},\"image\":{\"@id\":\"https:\/\/lassl-partyservice.de\/#\/schema\/logo\/image\/\"}}]}<\/script>\n<!-- \/ Yoast SEO plugin. -->","yoast_head_json":{"title":"Buffetvorschl\u00e4ge -","robots":{"index":"index","follow":"follow","max-snippet":"max-snippet:-1","max-image-preview":"max-image-preview:large","max-video-preview":"max-video-preview:-1"},"canonical":"https:\/\/lassl-partyservice.de\/?page_id=22","og_locale":"de_DE","og_type":"article","og_title":"Buffetvorschl\u00e4ge -","og_description":"Buffetvorschl\u00e4ge (warm und kalt) Die im Anhang vorgestellten Buffets sind u.a. von Kunden zusammengstellt und gern genommene Beispiele. Bei der Zusammenstellung Ihrer eigenen Buffet-W\u00fcnsche sind wir gern behilflich. Gourmet Buffet (warm) Hauptgerichte: - Schweinefilet in Pilzrahm - Party- Schnitzel - Schinkenbraten Beilagen: - Kartoffelgratin - Kroketten - Kaisergem\u00fcse - Bauernsalat Dessert: - Rote Gr\u00fctze mit ...weiterlesen \"Buffetvorschl\u00e4ge\"","og_url":"https:\/\/lassl-partyservice.de\/?page_id=22","article_modified_time":"2018-11-20T17:05:58+00:00","twitter_card":"summary_large_image","twitter_misc":{"Gesch\u00e4tzte Lesezeit":"1\u00a0Minute"},"schema":{"@context":"https:\/\/schema.org","@graph":[{"@type":"WebPage","@id":"https:\/\/lassl-partyservice.de\/?page_id=22","url":"https:\/\/lassl-partyservice.de\/?page_id=22","name":"Buffetvorschl\u00e4ge -","isPartOf":{"@id":"https:\/\/lassl-partyservice.de\/#website"},"datePublished":"2018-11-15T10:12:51+00:00","dateModified":"2018-11-20T17:05:58+00:00","breadcrumb":{"@id":"https:\/\/lassl-partyservice.de\/?page_id=22#breadcrumb"},"inLanguage":"de","potentialAction":[{"@type":"ReadAction","target":["https:\/\/lassl-partyservice.de\/?page_id=22"]}]},{"@type":"BreadcrumbList","@id":"https:\/\/lassl-partyservice.de\/?page_id=22#breadcrumb","itemListElement":[{"@type":"ListItem","position":1,"name":"Startseite","item":"https:\/\/lassl-partyservice.de\/"},{"@type":"ListItem","position":2,"name":"Buffetvorschl\u00e4ge"}]},{"@type":"WebSite","@id":"https:\/\/lassl-partyservice.de\/#website","url":"https:\/\/lassl-partyservice.de\/","name":"Partyservice Lassl","description":"","publisher":{"@id":"https:\/\/lassl-partyservice.de\/#organization"},"potentialAction":[{"@type":"SearchAction","target":{"@type":"EntryPoint","urlTemplate":"https:\/\/lassl-partyservice.de\/?s={search_term_string}"},"query-input":{"@type":"PropertyValueSpecification","valueRequired":true,"valueName":"search_term_string"}}],"inLanguage":"de"},{"@type":"Organization","@id":"https:\/\/lassl-partyservice.de\/#organization","name":"Partyservice Lassl","url":"https:\/\/lassl-partyservice.de\/","logo":{"@type":"ImageObject","inLanguage":"de","@id":"https:\/\/lassl-partyservice.de\/#\/schema\/logo\/image\/","url":"https:\/\/lassl-partyservice.de\/wp-content\/uploads\/2018\/11\/Logo.gif","contentUrl":"https:\/\/lassl-partyservice.de\/wp-content\/uploads\/2018\/11\/Logo.gif","width":131,"height":123,"caption":"Partyservice Lassl"},"image":{"@id":"https:\/\/lassl-partyservice.de\/#\/schema\/logo\/image\/"}}]}},"_links":{"self":[{"href":"https:\/\/lassl-partyservice.de\/index.php?rest_route=\/wp\/v2\/pages\/22"}],"collection":[{"href":"https:\/\/lassl-partyservice.de\/index.php?rest_route=\/wp\/v2\/pages"}],"about":[{"href":"https:\/\/lassl-partyservice.de\/index.php?rest_route=\/wp\/v2\/types\/page"}],"author":[{"embeddable":true,"href":"https:\/\/lassl-partyservice.de\/index.php?rest_route=\/wp\/v2\/users\/1"}],"replies":[{"embeddable":true,"href":"https:\/\/lassl-partyservice.de\/index.php?rest_route=%2Fwp%2Fv2%2Fcomments&post=22"}],"version-history":[{"count":3,"href":"https:\/\/lassl-partyservice.de\/index.php?rest_route=\/wp\/v2\/pages\/22\/revisions"}],"predecessor-version":[{"id":231,"href":"https:\/\/lassl-partyservice.de\/index.php?rest_route=\/wp\/v2\/pages\/22\/revisions\/231"}],"wp:attachment":[{"href":"https:\/\/lassl-partyservice.de\/index.php?rest_route=%2Fwp%2Fv2%2Fmedia&parent=22"}],"curies":[{"name":"wp","href":"https:\/\/api.w.org\/{rel}","templated":true}]}}