{"id":19,"date":"2018-11-15T10:13:03","date_gmt":"2018-11-15T10:13:03","guid":{"rendered":"http:\/\/lassl-partyservice.de\/?page_id=19"},"modified":"2023-03-27T16:15:44","modified_gmt":"2023-03-27T16:15:44","slug":"cateringprodukte","status":"publish","type":"page","link":"https:\/\/lassl-partyservice.de\/?page_id=19","title":{"rendered":"Cateringprodukte"},"content":{"rendered":"<h2 style=\"text-align: center;\" align=\"center\"><span style=\"font-family: Verdana,sans-serif;\">Cateringprodukte<br \/>\nCanapes u. Fingerfood - Suppen u. Eint\u00f6pfe - Fleischgerichte - Beilagen - Salate - Brote - Desserts <\/span><\/h2>\n<h2><\/h2>\n<p align=\"center\"><span style=\"font-family: Verdana,sans-serif;\">An dieser Stelle pr\u00e4sentieren wir Ihnen nur eine kleine Auswahl an m\u00f6glichen Speisen.<\/span><\/p>\n<h3 align=\"left\"><u>Cannapes &amp; Fingerfood<\/u><\/h3>\n<table width=\"461\">\n<tbody>\n<tr>\n<td><span style=\"color: #000000; font-family: Verdana,sans-serif;\">K\u00e4seplatte<br \/>\n1\/2 belegte Br\u00f6tchen<br \/>\n1a-Schnittchen<\/span><\/td>\n<td><span style=\"font-family: Verdana,sans-serif;\"><\/p>\n<p><\/span><\/td>\n<\/tr>\n<\/tbody>\n<\/table>\n<h3><\/h3>\n<h3><u>Suppen &amp; Eint\u00f6pfe<\/u><\/h3>\n<table width=\"426\">\n<tbody>\n<tr>\n<td><span style=\"font-family: Verdana,sans-serif;\">Gyrossuppe<br \/>\nGulaschsuppe mit Pilzen<br \/>\nGem\u00fcsesuppe<br \/>\nMitternachtssuppe<br \/>\nPizzasuppe<\/span><\/td>\n<td><span style=\"font-family: Verdana,sans-serif;\"><\/p>\n<p><\/span><span style=\"font-family: Verdana,sans-serif;\"><br \/>\n<\/span><\/td>\n<\/tr>\n<\/tbody>\n<\/table>\n<h3><\/h3>\n<h3><u><span style=\"font-family: Verdana,sans-serif;\">Fleischgerichte<\/span><\/u><\/h3>\n<table width=\"387\">\n<tbody>\n<tr>\n<td><span style=\"font-family: Verdana,sans-serif;\">Kassler in Bl\u00e4tterteig<br \/>\nSpie\u00dfbraten<br \/>\nKasslerbraten<br \/>\nKrustenbraten<br \/>\nGrillschinken<br \/>\nPfefferbraten<br \/>\nSpanferkel<br \/>\nHaxen<br \/>\nSchnitzel<br \/>\nSchnitzelpfanne<br \/>\nH\u00e4hnchenschnitzel<br \/>\nRinderbraten<br \/>\nH\u00e4nchenbrustfilet in Currysauce<br \/>\nSchweinefilet in Pilzrahmsauce<br \/>\nSchweinegeschnetzeltes in Rahmsauce<br \/>\nH\u00e4hnchenbrustfilet in Paprikarahmsauce<br \/>\nH\u00e4hnchenbrustfilet \"Asia\"<br \/>\n<\/span><\/td>\n<td><span style=\"font-family: Verdana,sans-serif;\"><\/p>\n<p><\/span><\/td>\n<\/tr>\n<\/tbody>\n<\/table>\n<h3><u>Beilagen<\/u><\/h3>\n<table width=\"434\">\n<tbody>\n<tr>\n<td><span style=\"font-family: Verdana,sans-serif;\">Sauerkraut<br \/>\nGem\u00fcse je nach Saison<br \/>\nRotkohl<br \/>\nBratkartoffeln<br \/>\nSalzkartoffeln<br \/>\nKartoffelgratin<br \/>\nKartoffelp\u00fcree<br \/>\nNudeln<br \/>\nReis<br \/>\nKroketten<br \/>\n<\/span><\/td>\n<td><span style=\"font-family: Verdana,sans-serif;\"><\/p>\n<p><\/span><\/td>\n<\/tr>\n<\/tbody>\n<\/table>\n<h3><\/h3>\n<h3><u>Salate <span style=\"font-family: Verdana,sans-serif;\"> pro 100 Gramm<\/span><\/u><\/h3>\n<table>\n<tbody>\n<tr>\n<td><span style=\"font-family: Verdana,sans-serif;\"><span style=\"font-family: Verdana,sans-serif;\">Kartoffelsalat<br \/>\nNudelsalat<br \/>\nKrautsalat<br \/>\nBauernsalat<br \/>\nGefl\u00fcgelsalat<br \/>\nFloridasalat<br \/>\nWaldorfsalat<\/span><\/span><\/td>\n<td><span style=\"font-family: Verdana,sans-serif;\"><span style=\"font-family: Verdana,sans-serif;\"><\/p>\n<p><\/span><\/span><\/td>\n<\/tr>\n<\/tbody>\n<\/table>\n<h3><\/h3>\n<h3><u>Brote<\/u><\/h3>\n<table width=\"474\">\n<tbody>\n<tr>\n<td><span style=\"font-family: Verdana,sans-serif;\"><span style=\"font-family: Verdana,sans-serif;\">gr. Wagenrad<br \/>\nkl. Wagenrad<br \/>\nBr\u00f6tchen<br \/>\nSuppenbr\u00f6tchen<br \/>\nBaguette<br \/>\nZwiebelbrot<\/span><\/span><\/td>\n<td><span style=\"font-family: Verdana,sans-serif;\"><span style=\"font-family: Verdana,sans-serif;\"><\/p>\n<p><\/span><\/span><\/td>\n<\/tr>\n<\/tbody>\n<\/table>\n<h3><\/h3>\n<h3><u>Desserts<\/u><\/h3>\n<table>\n<tbody>\n<tr>\n<td><span style=\"font-family: Verdana,sans-serif;\">Rote Gr\u00fctze mit Vanille-Sauce<br \/>\nMousse au Chocolat<br \/>\nCitronencreme<\/span><br \/>\n<span style=\"color: #000000; font-family: Verdana,sans-serif;\">Vanillequark uvm.<\/span><\/td>\n<td><\/td>\n<\/tr>\n<\/tbody>\n<\/table>\n<p align=\"center\"><span style=\"color: #990033; font-family: Verdana,sans-serif;\">Ist Ihre Wusch-Zusammenstellung nicht dabei?<\/span><\/p>\n<p align=\"center\"><span style=\"color: #990033; font-family: Verdana,sans-serif;\">Dann sprechen Sie uns einfach an -<\/span><\/p>\n<p align=\"center\"><span style=\"color: #990033; font-family: Verdana,sans-serif;\">und anschlie\u00dfend verw\u00f6hnen wir auch Ihren Gaumen!<\/span><\/p>\n","protected":false},"excerpt":{"rendered":"<p>Cateringprodukte Canapes u. Fingerfood - Suppen u. Eint\u00f6pfe - Fleischgerichte - Beilagen - Salate - Brote - Desserts An dieser Stelle pr\u00e4sentieren wir Ihnen nur eine kleine Auswahl an m\u00f6glichen Speisen. Cannapes &amp; Fingerfood K\u00e4seplatte 1\/2 belegte Br\u00f6tchen 1a-Schnittchen Suppen &amp; Eint\u00f6pfe Gyrossuppe Gulaschsuppe mit Pilzen Gem\u00fcsesuppe Mitternachtssuppe Pizzasuppe Fleischgerichte Kassler in Bl\u00e4tterteig Spie\u00dfbraten Kasslerbraten <a href=\"https:\/\/lassl-partyservice.de\/?page_id=19\" class=\"more-link\">...weiterlesen<span class=\"screen-reader-text\"> \"Cateringprodukte\"<\/span><\/a><\/p>\n","protected":false},"author":1,"featured_media":0,"parent":0,"menu_order":0,"comment_status":"closed","ping_status":"closed","template":"","meta":{"footnotes":""},"yoast_head":"<!-- This site is optimized with the Yoast SEO plugin v23.5 - https:\/\/yoast.com\/wordpress\/plugins\/seo\/ -->\n<title>Cateringprodukte -<\/title>\n<meta name=\"robots\" content=\"index, follow, max-snippet:-1, max-image-preview:large, max-video-preview:-1\" \/>\n<link rel=\"canonical\" href=\"https:\/\/lassl-partyservice.de\/?page_id=19\" \/>\n<meta property=\"og:locale\" content=\"de_DE\" \/>\n<meta property=\"og:type\" content=\"article\" \/>\n<meta property=\"og:title\" content=\"Cateringprodukte -\" \/>\n<meta property=\"og:description\" content=\"Cateringprodukte Canapes u. Fingerfood - Suppen u. Eint\u00f6pfe - Fleischgerichte - Beilagen - Salate - Brote - Desserts An dieser Stelle pr\u00e4sentieren wir Ihnen nur eine kleine Auswahl an m\u00f6glichen Speisen. Cannapes &amp; Fingerfood K\u00e4seplatte 1\/2 belegte Br\u00f6tchen 1a-Schnittchen Suppen &amp; Eint\u00f6pfe Gyrossuppe Gulaschsuppe mit Pilzen Gem\u00fcsesuppe Mitternachtssuppe Pizzasuppe Fleischgerichte Kassler in Bl\u00e4tterteig Spie\u00dfbraten Kasslerbraten ...weiterlesen &quot;Cateringprodukte&quot;\" \/>\n<meta property=\"og:url\" content=\"https:\/\/lassl-partyservice.de\/?page_id=19\" \/>\n<meta property=\"article:modified_time\" content=\"2023-03-27T16:15:44+00:00\" \/>\n<meta name=\"twitter:card\" content=\"summary_large_image\" \/>\n<meta name=\"twitter:label1\" content=\"Gesch\u00e4tzte Lesezeit\" \/>\n\t<meta name=\"twitter:data1\" content=\"1\u00a0Minute\" \/>\n<script type=\"application\/ld+json\" class=\"yoast-schema-graph\">{\"@context\":\"https:\/\/schema.org\",\"@graph\":[{\"@type\":\"WebPage\",\"@id\":\"https:\/\/lassl-partyservice.de\/?page_id=19\",\"url\":\"https:\/\/lassl-partyservice.de\/?page_id=19\",\"name\":\"Cateringprodukte -\",\"isPartOf\":{\"@id\":\"https:\/\/lassl-partyservice.de\/#website\"},\"datePublished\":\"2018-11-15T10:13:03+00:00\",\"dateModified\":\"2023-03-27T16:15:44+00:00\",\"breadcrumb\":{\"@id\":\"https:\/\/lassl-partyservice.de\/?page_id=19#breadcrumb\"},\"inLanguage\":\"de\",\"potentialAction\":[{\"@type\":\"ReadAction\",\"target\":[\"https:\/\/lassl-partyservice.de\/?page_id=19\"]}]},{\"@type\":\"BreadcrumbList\",\"@id\":\"https:\/\/lassl-partyservice.de\/?page_id=19#breadcrumb\",\"itemListElement\":[{\"@type\":\"ListItem\",\"position\":1,\"name\":\"Startseite\",\"item\":\"https:\/\/lassl-partyservice.de\/\"},{\"@type\":\"ListItem\",\"position\":2,\"name\":\"Cateringprodukte\"}]},{\"@type\":\"WebSite\",\"@id\":\"https:\/\/lassl-partyservice.de\/#website\",\"url\":\"https:\/\/lassl-partyservice.de\/\",\"name\":\"Partyservice Lassl\",\"description\":\"\",\"publisher\":{\"@id\":\"https:\/\/lassl-partyservice.de\/#organization\"},\"potentialAction\":[{\"@type\":\"SearchAction\",\"target\":{\"@type\":\"EntryPoint\",\"urlTemplate\":\"https:\/\/lassl-partyservice.de\/?s={search_term_string}\"},\"query-input\":{\"@type\":\"PropertyValueSpecification\",\"valueRequired\":true,\"valueName\":\"search_term_string\"}}],\"inLanguage\":\"de\"},{\"@type\":\"Organization\",\"@id\":\"https:\/\/lassl-partyservice.de\/#organization\",\"name\":\"Partyservice Lassl\",\"url\":\"https:\/\/lassl-partyservice.de\/\",\"logo\":{\"@type\":\"ImageObject\",\"inLanguage\":\"de\",\"@id\":\"https:\/\/lassl-partyservice.de\/#\/schema\/logo\/image\/\",\"url\":\"https:\/\/lassl-partyservice.de\/wp-content\/uploads\/2018\/11\/Logo.gif\",\"contentUrl\":\"https:\/\/lassl-partyservice.de\/wp-content\/uploads\/2018\/11\/Logo.gif\",\"width\":131,\"height\":123,\"caption\":\"Partyservice Lassl\"},\"image\":{\"@id\":\"https:\/\/lassl-partyservice.de\/#\/schema\/logo\/image\/\"}}]}<\/script>\n<!-- \/ Yoast SEO plugin. -->","yoast_head_json":{"title":"Cateringprodukte -","robots":{"index":"index","follow":"follow","max-snippet":"max-snippet:-1","max-image-preview":"max-image-preview:large","max-video-preview":"max-video-preview:-1"},"canonical":"https:\/\/lassl-partyservice.de\/?page_id=19","og_locale":"de_DE","og_type":"article","og_title":"Cateringprodukte -","og_description":"Cateringprodukte Canapes u. Fingerfood - Suppen u. Eint\u00f6pfe - Fleischgerichte - Beilagen - Salate - Brote - Desserts An dieser Stelle pr\u00e4sentieren wir Ihnen nur eine kleine Auswahl an m\u00f6glichen Speisen. Cannapes &amp; Fingerfood K\u00e4seplatte 1\/2 belegte Br\u00f6tchen 1a-Schnittchen Suppen &amp; Eint\u00f6pfe Gyrossuppe Gulaschsuppe mit Pilzen Gem\u00fcsesuppe Mitternachtssuppe Pizzasuppe Fleischgerichte Kassler in Bl\u00e4tterteig Spie\u00dfbraten Kasslerbraten ...weiterlesen \"Cateringprodukte\"","og_url":"https:\/\/lassl-partyservice.de\/?page_id=19","article_modified_time":"2023-03-27T16:15:44+00:00","twitter_card":"summary_large_image","twitter_misc":{"Gesch\u00e4tzte Lesezeit":"1\u00a0Minute"},"schema":{"@context":"https:\/\/schema.org","@graph":[{"@type":"WebPage","@id":"https:\/\/lassl-partyservice.de\/?page_id=19","url":"https:\/\/lassl-partyservice.de\/?page_id=19","name":"Cateringprodukte -","isPartOf":{"@id":"https:\/\/lassl-partyservice.de\/#website"},"datePublished":"2018-11-15T10:13:03+00:00","dateModified":"2023-03-27T16:15:44+00:00","breadcrumb":{"@id":"https:\/\/lassl-partyservice.de\/?page_id=19#breadcrumb"},"inLanguage":"de","potentialAction":[{"@type":"ReadAction","target":["https:\/\/lassl-partyservice.de\/?page_id=19"]}]},{"@type":"BreadcrumbList","@id":"https:\/\/lassl-partyservice.de\/?page_id=19#breadcrumb","itemListElement":[{"@type":"ListItem","position":1,"name":"Startseite","item":"https:\/\/lassl-partyservice.de\/"},{"@type":"ListItem","position":2,"name":"Cateringprodukte"}]},{"@type":"WebSite","@id":"https:\/\/lassl-partyservice.de\/#website","url":"https:\/\/lassl-partyservice.de\/","name":"Partyservice Lassl","description":"","publisher":{"@id":"https:\/\/lassl-partyservice.de\/#organization"},"potentialAction":[{"@type":"SearchAction","target":{"@type":"EntryPoint","urlTemplate":"https:\/\/lassl-partyservice.de\/?s={search_term_string}"},"query-input":{"@type":"PropertyValueSpecification","valueRequired":true,"valueName":"search_term_string"}}],"inLanguage":"de"},{"@type":"Organization","@id":"https:\/\/lassl-partyservice.de\/#organization","name":"Partyservice Lassl","url":"https:\/\/lassl-partyservice.de\/","logo":{"@type":"ImageObject","inLanguage":"de","@id":"https:\/\/lassl-partyservice.de\/#\/schema\/logo\/image\/","url":"https:\/\/lassl-partyservice.de\/wp-content\/uploads\/2018\/11\/Logo.gif","contentUrl":"https:\/\/lassl-partyservice.de\/wp-content\/uploads\/2018\/11\/Logo.gif","width":131,"height":123,"caption":"Partyservice Lassl"},"image":{"@id":"https:\/\/lassl-partyservice.de\/#\/schema\/logo\/image\/"}}]}},"_links":{"self":[{"href":"https:\/\/lassl-partyservice.de\/index.php?rest_route=\/wp\/v2\/pages\/19"}],"collection":[{"href":"https:\/\/lassl-partyservice.de\/index.php?rest_route=\/wp\/v2\/pages"}],"about":[{"href":"https:\/\/lassl-partyservice.de\/index.php?rest_route=\/wp\/v2\/types\/page"}],"author":[{"embeddable":true,"href":"https:\/\/lassl-partyservice.de\/index.php?rest_route=\/wp\/v2\/users\/1"}],"replies":[{"embeddable":true,"href":"https:\/\/lassl-partyservice.de\/index.php?rest_route=%2Fwp%2Fv2%2Fcomments&post=19"}],"version-history":[{"count":8,"href":"https:\/\/lassl-partyservice.de\/index.php?rest_route=\/wp\/v2\/pages\/19\/revisions"}],"predecessor-version":[{"id":297,"href":"https:\/\/lassl-partyservice.de\/index.php?rest_route=\/wp\/v2\/pages\/19\/revisions\/297"}],"wp:attachment":[{"href":"https:\/\/lassl-partyservice.de\/index.php?rest_route=%2Fwp%2Fv2%2Fmedia&parent=19"}],"curies":[{"name":"wp","href":"https:\/\/api.w.org\/{rel}","templated":true}]}}